{"id":379,"date":"2018-11-05T08:49:10","date_gmt":"2018-11-05T08:49:10","guid":{"rendered":"https:\/\/jan-in-sambia.de\/?page_id=379"},"modified":"2019-04-05T08:10:50","modified_gmt":"2019-04-05T08:10:50","slug":"elementor-379","status":"publish","type":"page","link":"https:\/\/jan-in-sambia.de\/","title":{"rendered":"Ein Jahr in Sambia &#8211; das Projekt und Ich"},"content":{"rendered":"<h4>Das Projekt und Ich<\/h4>\n<p>Von August 2018 bis August 2019 leiste ich &#8211; Jan Gajewski &#8211; ein Jahr lang Freiwilligenarbeit in der Hauptstadt Sambias. In einem der \u00e4rmsten Stadtviertel packe ich da an, wo es am meisten n\u00f6tig ist &#8211; im Bildungssektor. In Kooperation mit den <em>Franciscan Missionary Sisters for Africa<\/em>, engagiere ich mich als Lehrer in mehreren Schulen des Chipata Compounds. Zudem unterst\u00fctze ich den Orden in der \u00d6ffentlichkeitsarbeit f\u00fcr den Bau der <a href=\"https:\/\/stfrancisandclare-school.com\" rel=\"noopener noreferrer\" target=\"_blank\">St. Francis and Clare Secondary School<\/a>.<\/p>\n<p>Dieser Dienst ist tr\u00e4gerlos, selber organisiert und selber finanziert. Durch Crowdfunding und vielen kleinen Spenden ist sowohl mein Aufenthalt, als auch meine Arbeit realisierbar geworden.<br \/>\nDamit soll es aber nicht schon vorbei sein; um die Projekte der Schwestern weiterf\u00fchrend zu unterst\u00fctzen, sammle ich zus\u00e4tzlich Spenden f\u00fcr die Schulen!<\/p>\n","protected":false},"excerpt":{"rendered":"<p>Das Projekt und Ich Von August 2018 bis August 2019 leiste ich &#8211; Jan Gajewski &#8211; ein Jahr lang Freiwilligenarbeit in der Hauptstadt Sambias. In einem der \u00e4rmsten Stadtviertel packe ich da an, wo es am meisten n\u00f6tig ist &#8211; im Bildungssektor. In Kooperation mit den Franciscan Missionary Sisters for [&hellip;]<\/p>\n","protected":false},"author":1,"featured_media":0,"parent":0,"menu_order":0,"comment_status":"closed","ping_status":"closed","template":"","meta":{"ngg_post_thumbnail":0,"jetpack_post_was_ever_published":false,"footnotes":""},"class_list":["post-379","page","type-page","status-publish","hentry"],"yoast_head":"<!-- This site is optimized with the Yoast SEO plugin v23.0 - https:\/\/yoast.com\/wordpress\/plugins\/seo\/ -->\n<title>Ein Jahr in Sambia - das Projekt und Ich - Jan in Sambia<\/title>\n<meta name=\"robots\" content=\"index, follow, max-snippet:-1, max-image-preview:large, max-video-preview:-1\" \/>\n<link rel=\"canonical\" href=\"https:\/\/jan-in-sambia.de\/\" \/>\n<meta property=\"og:locale\" content=\"de_DE\" \/>\n<meta property=\"og:type\" content=\"article\" \/>\n<meta property=\"og:title\" content=\"Ein Jahr in Sambia - das Projekt und Ich - Jan in Sambia\" \/>\n<meta property=\"og:description\" content=\"Das Projekt und Ich Von August 2018 bis August 2019 leiste ich &#8211; Jan Gajewski &#8211; ein Jahr lang Freiwilligenarbeit in der Hauptstadt Sambias. In einem der \u00e4rmsten Stadtviertel packe ich da an, wo es am meisten n\u00f6tig ist &#8211; im Bildungssektor. In Kooperation mit den Franciscan Missionary Sisters for [&hellip;]\" \/>\n<meta property=\"og:url\" content=\"https:\/\/jan-in-sambia.de\/\" \/>\n<meta property=\"og:site_name\" content=\"Jan in Sambia\" \/>\n<meta property=\"article:modified_time\" content=\"2019-04-05T08:10:50+00:00\" \/>\n<meta name=\"twitter:card\" content=\"summary_large_image\" \/>\n<meta name=\"twitter:label1\" content=\"Gesch\u00e4tzte Lesezeit\" \/>\n\t<meta name=\"twitter:data1\" content=\"1\u00a0Minute\" \/>\n<script type=\"application\/ld+json\" class=\"yoast-schema-graph\">{\"@context\":\"https:\/\/schema.org\",\"@graph\":[{\"@type\":\"WebPage\",\"@id\":\"https:\/\/jan-in-sambia.de\/\",\"url\":\"https:\/\/jan-in-sambia.de\/\",\"name\":\"Ein Jahr in Sambia - das Projekt und Ich - Jan in Sambia\",\"isPartOf\":{\"@id\":\"https:\/\/jan-in-sambia.de\/#website\"},\"datePublished\":\"2018-11-05T08:49:10+00:00\",\"dateModified\":\"2019-04-05T08:10:50+00:00\",\"breadcrumb\":{\"@id\":\"https:\/\/jan-in-sambia.de\/#breadcrumb\"},\"inLanguage\":\"de\",\"potentialAction\":[{\"@type\":\"ReadAction\",\"target\":[\"https:\/\/jan-in-sambia.de\/\"]}]},{\"@type\":\"BreadcrumbList\",\"@id\":\"https:\/\/jan-in-sambia.de\/#breadcrumb\",\"itemListElement\":[{\"@type\":\"ListItem\",\"position\":1,\"name\":\"Startseite\",\"item\":\"https:\/\/jan-in-sambia.de\/\"},{\"@type\":\"ListItem\",\"position\":2,\"name\":\"Ein Jahr in Sambia &#8211; das Projekt und Ich\"}]},{\"@type\":\"WebSite\",\"@id\":\"https:\/\/jan-in-sambia.de\/#website\",\"url\":\"https:\/\/jan-in-sambia.de\/\",\"name\":\"Jan in Sambia\",\"description\":\"Ein Jahr in Sambia - das Projekt und Ich\",\"potentialAction\":[{\"@type\":\"SearchAction\",\"target\":{\"@type\":\"EntryPoint\",\"urlTemplate\":\"https:\/\/jan-in-sambia.de\/?s={search_term_string}\"},\"query-input\":\"required name=search_term_string\"}],\"inLanguage\":\"de\"}]}<\/script>\n<!-- \/ Yoast SEO plugin. -->","yoast_head_json":{"title":"Ein Jahr in Sambia - das Projekt und Ich - Jan in Sambia","robots":{"index":"index","follow":"follow","max-snippet":"max-snippet:-1","max-image-preview":"max-image-preview:large","max-video-preview":"max-video-preview:-1"},"canonical":"https:\/\/jan-in-sambia.de\/","og_locale":"de_DE","og_type":"article","og_title":"Ein Jahr in Sambia - das Projekt und Ich - Jan in Sambia","og_description":"Das Projekt und Ich Von August 2018 bis August 2019 leiste ich &#8211; Jan Gajewski &#8211; ein Jahr lang Freiwilligenarbeit in der Hauptstadt Sambias. In einem der \u00e4rmsten Stadtviertel packe ich da an, wo es am meisten n\u00f6tig ist &#8211; im Bildungssektor. In Kooperation mit den Franciscan Missionary Sisters for [&hellip;]","og_url":"https:\/\/jan-in-sambia.de\/","og_site_name":"Jan in Sambia","article_modified_time":"2019-04-05T08:10:50+00:00","twitter_card":"summary_large_image","twitter_misc":{"Gesch\u00e4tzte Lesezeit":"1\u00a0Minute"},"schema":{"@context":"https:\/\/schema.org","@graph":[{"@type":"WebPage","@id":"https:\/\/jan-in-sambia.de\/","url":"https:\/\/jan-in-sambia.de\/","name":"Ein Jahr in Sambia - das Projekt und Ich - Jan in Sambia","isPartOf":{"@id":"https:\/\/jan-in-sambia.de\/#website"},"datePublished":"2018-11-05T08:49:10+00:00","dateModified":"2019-04-05T08:10:50+00:00","breadcrumb":{"@id":"https:\/\/jan-in-sambia.de\/#breadcrumb"},"inLanguage":"de","potentialAction":[{"@type":"ReadAction","target":["https:\/\/jan-in-sambia.de\/"]}]},{"@type":"BreadcrumbList","@id":"https:\/\/jan-in-sambia.de\/#breadcrumb","itemListElement":[{"@type":"ListItem","position":1,"name":"Startseite","item":"https:\/\/jan-in-sambia.de\/"},{"@type":"ListItem","position":2,"name":"Ein Jahr in Sambia &#8211; das Projekt und Ich"}]},{"@type":"WebSite","@id":"https:\/\/jan-in-sambia.de\/#website","url":"https:\/\/jan-in-sambia.de\/","name":"Jan in Sambia","description":"Ein Jahr in Sambia - das Projekt und Ich","potentialAction":[{"@type":"SearchAction","target":{"@type":"EntryPoint","urlTemplate":"https:\/\/jan-in-sambia.de\/?s={search_term_string}"},"query-input":"required name=search_term_string"}],"inLanguage":"de"}]}},"jetpack_sharing_enabled":true,"jetpack_shortlink":"https:\/\/wp.me\/P9PH0C-67","_links":{"self":[{"href":"https:\/\/jan-in-sambia.de\/index.php\/wp-json\/wp\/v2\/pages\/379"}],"collection":[{"href":"https:\/\/jan-in-sambia.de\/index.php\/wp-json\/wp\/v2\/pages"}],"about":[{"href":"https:\/\/jan-in-sambia.de\/index.php\/wp-json\/wp\/v2\/types\/page"}],"author":[{"embeddable":true,"href":"https:\/\/jan-in-sambia.de\/index.php\/wp-json\/wp\/v2\/users\/1"}],"replies":[{"embeddable":true,"href":"https:\/\/jan-in-sambia.de\/index.php\/wp-json\/wp\/v2\/comments?post=379"}],"version-history":[{"count":12,"href":"https:\/\/jan-in-sambia.de\/index.php\/wp-json\/wp\/v2\/pages\/379\/revisions"}],"predecessor-version":[{"id":743,"href":"https:\/\/jan-in-sambia.de\/index.php\/wp-json\/wp\/v2\/pages\/379\/revisions\/743"}],"wp:attachment":[{"href":"https:\/\/jan-in-sambia.de\/index.php\/wp-json\/wp\/v2\/media?parent=379"}],"curies":[{"name":"wp","href":"https:\/\/api.w.org\/{rel}","templated":true}]}}