{"id":339,"date":"2018-10-31T08:54:16","date_gmt":"2018-10-31T08:54:16","guid":{"rendered":"https:\/\/jan-in-sambia.de\/?page_id=339"},"modified":"2018-10-31T09:25:47","modified_gmt":"2018-10-31T09:25:47","slug":"impressum","status":"publish","type":"page","link":"https:\/\/jan-in-sambia.de\/index.php\/impressum\/","title":{"rendered":"Impressum"},"content":{"rendered":"<p><span data-mce-type=\"bookmark\" style=\"display: inline-block; width: 0px; overflow: hidden; line-height: 0;\" class=\"mce_SELRES_start\">\ufeff<\/span><strong>Herausgeber:<\/strong><br \/>\nJan Gajewski<br \/>\nBerlinerstr. 18<br \/>\n50259 Pulheim<\/p>\n<p>Telefon: +49 (0) 1631313474<br \/>\nE-Mail: jan.gajewski2000@gmail.com<br \/>\nInternet: www.jan-in-sambia.de<\/p>\n<p><strong>Verantwortlich f\u00fcr den Inhalt:<\/strong><br \/>\nJan Gajewski<br \/>\nHaftungshinweis:<br \/>\nDer Blog ist eine nichtkommerzielle, private Publikation und gibt die pers\u00f6nliche Meinung des Autors wieder. Sofern erforderlich wurden die Texte sorgf\u00e4ltig recherchiert. Es wird weder f\u00fcr den Wahrheitsgehalt, noch f\u00fcr sachlich richtige Wiedergabe gehaftet. \u00dcberdies ist die Haftung auf Vorsatz und grobe Fahrl\u00e4ssigkeit beschr\u00e4nkt.<\/p>\n<p><strong>Copyright Hinweis:<\/strong><br \/>\nDie Inhalte der Internetseite von JAN GAJEWSKI sind urheberrechtlich gesch\u00fctzt. Dies gilt f\u00fcr die audiovisuellen Elemente und Daten (wie Fotos, Grafiken, Logos, Musikdateien etc.) wie f\u00fcr alle Texte und sonstigen Daten. Soweit im Einzelfall nicht anders geregelt und soweit nicht fremde Rechte betroffen sind, ist im Fall der Verbreitung von Inhalten als Ganzes oder in Teilen davon in elektronischer und gedruckter Form erw\u00fcnscht, dass die Quelle (\u201eJan Gajewski\u201c) und die entsprechende URL (z.B. www.jan-in-sambia.de) genannt werden.<br \/>\nOhne vorherige schriftliche Genehmigung durch JAN GAJEWSKI ist eine kommerzielle Verbreitung der Inhalte nicht erlaubt.<br \/>\n<span data-mce-type=\"bookmark\" style=\"display: inline-block; width: 0px; overflow: hidden; line-height: 0;\" class=\"mce_SELRES_start\">\ufeff<\/span><\/p>\n","protected":false},"excerpt":{"rendered":"<p>\ufeffHerausgeber: Jan Gajewski Berlinerstr. 18 50259 Pulheim Telefon: +49 (0) 1631313474 E-Mail: jan.gajewski2000@gmail.com Internet: www.jan-in-sambia.de Verantwortlich f\u00fcr den Inhalt: Jan Gajewski Haftungshinweis: Der Blog ist eine nichtkommerzielle, private Publikation und gibt die pers\u00f6nliche Meinung des Autors wieder. Sofern erforderlich wurden die Texte sorgf\u00e4ltig recherchiert. Es wird weder f\u00fcr den Wahrheitsgehalt, [&hellip;]<\/p>\n","protected":false},"author":1,"featured_media":0,"parent":0,"menu_order":0,"comment_status":"closed","ping_status":"closed","template":"","meta":{"ngg_post_thumbnail":0,"jetpack_post_was_ever_published":false,"footnotes":""},"class_list":["post-339","page","type-page","status-publish","hentry"],"yoast_head":"<!-- This site is optimized with the Yoast SEO plugin v23.0 - https:\/\/yoast.com\/wordpress\/plugins\/seo\/ -->\n<title>Impressum - Jan in Sambia<\/title>\n<meta name=\"robots\" content=\"index, follow, max-snippet:-1, max-image-preview:large, max-video-preview:-1\" \/>\n<link rel=\"canonical\" href=\"https:\/\/jan-in-sambia.de\/index.php\/impressum\/\" \/>\n<meta property=\"og:locale\" content=\"de_DE\" \/>\n<meta property=\"og:type\" content=\"article\" \/>\n<meta property=\"og:title\" content=\"Impressum - Jan in Sambia\" \/>\n<meta property=\"og:description\" content=\"\ufeffHerausgeber: Jan Gajewski Berlinerstr. 18 50259 Pulheim Telefon: +49 (0) 1631313474 E-Mail: jan.gajewski2000@gmail.com Internet: www.jan-in-sambia.de Verantwortlich f\u00fcr den Inhalt: Jan Gajewski Haftungshinweis: Der Blog ist eine nichtkommerzielle, private Publikation und gibt die pers\u00f6nliche Meinung des Autors wieder. Sofern erforderlich wurden die Texte sorgf\u00e4ltig recherchiert. Es wird weder f\u00fcr den Wahrheitsgehalt, [&hellip;]\" \/>\n<meta property=\"og:url\" content=\"https:\/\/jan-in-sambia.de\/index.php\/impressum\/\" \/>\n<meta property=\"og:site_name\" content=\"Jan in Sambia\" \/>\n<meta property=\"article:modified_time\" content=\"2018-10-31T09:25:47+00:00\" \/>\n<meta name=\"twitter:card\" content=\"summary_large_image\" \/>\n<meta name=\"twitter:label1\" content=\"Gesch\u00e4tzte Lesezeit\" \/>\n\t<meta name=\"twitter:data1\" content=\"1\u00a0Minute\" \/>\n<script type=\"application\/ld+json\" class=\"yoast-schema-graph\">{\"@context\":\"https:\/\/schema.org\",\"@graph\":[{\"@type\":\"WebPage\",\"@id\":\"https:\/\/jan-in-sambia.de\/index.php\/impressum\/\",\"url\":\"https:\/\/jan-in-sambia.de\/index.php\/impressum\/\",\"name\":\"Impressum - Jan in Sambia\",\"isPartOf\":{\"@id\":\"https:\/\/jan-in-sambia.de\/#website\"},\"datePublished\":\"2018-10-31T08:54:16+00:00\",\"dateModified\":\"2018-10-31T09:25:47+00:00\",\"breadcrumb\":{\"@id\":\"https:\/\/jan-in-sambia.de\/index.php\/impressum\/#breadcrumb\"},\"inLanguage\":\"de\",\"potentialAction\":[{\"@type\":\"ReadAction\",\"target\":[\"https:\/\/jan-in-sambia.de\/index.php\/impressum\/\"]}]},{\"@type\":\"BreadcrumbList\",\"@id\":\"https:\/\/jan-in-sambia.de\/index.php\/impressum\/#breadcrumb\",\"itemListElement\":[{\"@type\":\"ListItem\",\"position\":1,\"name\":\"Startseite\",\"item\":\"https:\/\/jan-in-sambia.de\/\"},{\"@type\":\"ListItem\",\"position\":2,\"name\":\"Impressum\"}]},{\"@type\":\"WebSite\",\"@id\":\"https:\/\/jan-in-sambia.de\/#website\",\"url\":\"https:\/\/jan-in-sambia.de\/\",\"name\":\"Jan in Sambia\",\"description\":\"Ein Jahr in Sambia - das Projekt und Ich\",\"potentialAction\":[{\"@type\":\"SearchAction\",\"target\":{\"@type\":\"EntryPoint\",\"urlTemplate\":\"https:\/\/jan-in-sambia.de\/?s={search_term_string}\"},\"query-input\":\"required name=search_term_string\"}],\"inLanguage\":\"de\"}]}<\/script>\n<!-- \/ Yoast SEO plugin. -->","yoast_head_json":{"title":"Impressum - Jan in Sambia","robots":{"index":"index","follow":"follow","max-snippet":"max-snippet:-1","max-image-preview":"max-image-preview:large","max-video-preview":"max-video-preview:-1"},"canonical":"https:\/\/jan-in-sambia.de\/index.php\/impressum\/","og_locale":"de_DE","og_type":"article","og_title":"Impressum - Jan in Sambia","og_description":"\ufeffHerausgeber: Jan Gajewski Berlinerstr. 18 50259 Pulheim Telefon: +49 (0) 1631313474 E-Mail: jan.gajewski2000@gmail.com Internet: www.jan-in-sambia.de Verantwortlich f\u00fcr den Inhalt: Jan Gajewski Haftungshinweis: Der Blog ist eine nichtkommerzielle, private Publikation und gibt die pers\u00f6nliche Meinung des Autors wieder. Sofern erforderlich wurden die Texte sorgf\u00e4ltig recherchiert. Es wird weder f\u00fcr den Wahrheitsgehalt, [&hellip;]","og_url":"https:\/\/jan-in-sambia.de\/index.php\/impressum\/","og_site_name":"Jan in Sambia","article_modified_time":"2018-10-31T09:25:47+00:00","twitter_card":"summary_large_image","twitter_misc":{"Gesch\u00e4tzte Lesezeit":"1\u00a0Minute"},"schema":{"@context":"https:\/\/schema.org","@graph":[{"@type":"WebPage","@id":"https:\/\/jan-in-sambia.de\/index.php\/impressum\/","url":"https:\/\/jan-in-sambia.de\/index.php\/impressum\/","name":"Impressum - Jan in Sambia","isPartOf":{"@id":"https:\/\/jan-in-sambia.de\/#website"},"datePublished":"2018-10-31T08:54:16+00:00","dateModified":"2018-10-31T09:25:47+00:00","breadcrumb":{"@id":"https:\/\/jan-in-sambia.de\/index.php\/impressum\/#breadcrumb"},"inLanguage":"de","potentialAction":[{"@type":"ReadAction","target":["https:\/\/jan-in-sambia.de\/index.php\/impressum\/"]}]},{"@type":"BreadcrumbList","@id":"https:\/\/jan-in-sambia.de\/index.php\/impressum\/#breadcrumb","itemListElement":[{"@type":"ListItem","position":1,"name":"Startseite","item":"https:\/\/jan-in-sambia.de\/"},{"@type":"ListItem","position":2,"name":"Impressum"}]},{"@type":"WebSite","@id":"https:\/\/jan-in-sambia.de\/#website","url":"https:\/\/jan-in-sambia.de\/","name":"Jan in Sambia","description":"Ein Jahr in Sambia - das Projekt und Ich","potentialAction":[{"@type":"SearchAction","target":{"@type":"EntryPoint","urlTemplate":"https:\/\/jan-in-sambia.de\/?s={search_term_string}"},"query-input":"required name=search_term_string"}],"inLanguage":"de"}]}},"jetpack_sharing_enabled":false,"jetpack_shortlink":"https:\/\/wp.me\/P9PH0C-5t","_links":{"self":[{"href":"https:\/\/jan-in-sambia.de\/index.php\/wp-json\/wp\/v2\/pages\/339"}],"collection":[{"href":"https:\/\/jan-in-sambia.de\/index.php\/wp-json\/wp\/v2\/pages"}],"about":[{"href":"https:\/\/jan-in-sambia.de\/index.php\/wp-json\/wp\/v2\/types\/page"}],"author":[{"embeddable":true,"href":"https:\/\/jan-in-sambia.de\/index.php\/wp-json\/wp\/v2\/users\/1"}],"replies":[{"embeddable":true,"href":"https:\/\/jan-in-sambia.de\/index.php\/wp-json\/wp\/v2\/comments?post=339"}],"version-history":[{"count":6,"href":"https:\/\/jan-in-sambia.de\/index.php\/wp-json\/wp\/v2\/pages\/339\/revisions"}],"predecessor-version":[{"id":349,"href":"https:\/\/jan-in-sambia.de\/index.php\/wp-json\/wp\/v2\/pages\/339\/revisions\/349"}],"wp:attachment":[{"href":"https:\/\/jan-in-sambia.de\/index.php\/wp-json\/wp\/v2\/media?parent=339"}],"curies":[{"name":"wp","href":"https:\/\/api.w.org\/{rel}","templated":true}]}}